{"id":3235,"date":"2023-02-06T01:23:38","date_gmt":"2023-02-06T01:23:38","guid":{"rendered":"https:\/\/makeithappen.agency\/a-propos\/"},"modified":"2025-05-28T15:10:04","modified_gmt":"2025-05-28T15:10:04","slug":"a-propos","status":"publish","type":"page","link":"https:\/\/makeithappen.agency\/fr\/a-propos\/","title":{"rendered":"\u00c0 propos"},"content":{"rendered":"\t\t<div data-elementor-type=\"wp-page\" data-elementor-id=\"3235\" class=\"elementor elementor-3235 elementor-26\" data-elementor-post-type=\"page\">\n\t\t\t\t\t\t<section class=\"elementor-section elementor-top-section elementor-element elementor-element-5aefc0a elementor-section-height-min-height mih-s-main-2 elementor-section-boxed elementor-section-height-default elementor-section-items-middle\" data-id=\"5aefc0a\" data-element_type=\"section\" data-e-type=\"section\" data-settings=\"{&quot;background_background&quot;:&quot;classic&quot;,&quot;shape_divider_bottom&quot;:&quot;tilt&quot;}\">\n\t\t\t\t\t\t\t<div class=\"elementor-background-overlay\"><\/div>\n\t\t\t\t\t\t<div class=\"elementor-shape elementor-shape-bottom\" aria-hidden=\"true\" data-negative=\"false\">\n\t\t\t<svg xmlns=\"http:\/\/www.w3.org\/2000\/svg\" viewBox=\"0 0 1000 100\" preserveAspectRatio=\"none\">\n\t<path class=\"elementor-shape-fill\" d=\"M0,6V0h1000v100L0,6z\"\/>\n<\/svg>\t\t<\/div>\n\t\t\t\t\t<div class=\"elementor-container elementor-column-gap-no\">\n\t\t\t\t\t<div class=\"elementor-column elementor-col-100 elementor-top-column elementor-element elementor-element-85ac07d\" data-id=\"85ac07d\" data-element_type=\"column\" data-e-type=\"column\">\n\t\t\t<div class=\"elementor-widget-wrap elementor-element-populated\">\n\t\t\t\t\t\t<div class=\"elementor-element elementor-element-b9028cc elementor-widget elementor-widget-heading\" data-id=\"b9028cc\" data-element_type=\"widget\" data-e-type=\"widget\" data-widget_type=\"heading.default\">\n\t\t\t\t<div class=\"elementor-widget-container\">\n\t\t\t\t\t<h1 class=\"elementor-heading-title elementor-size-default\">Qui sommes-nous?<\/h1>\t\t\t\t<\/div>\n\t\t\t\t<\/div>\n\t\t\t\t<div class=\"elementor-element elementor-element-e939aba elementor-widget elementor-widget-text-editor\" data-id=\"e939aba\" data-element_type=\"widget\" data-e-type=\"widget\" data-widget_type=\"text-editor.default\">\n\t\t\t\t<div class=\"elementor-widget-container\">\n\t\t\t\t\t\t\t\t\t<p>Trois professionnels disposant de nombreuses ann\u00e9es d&rsquo;exp\u00e9rience dans les m\u00e9dias, l&rsquo;\u00e9v\u00e9nementiel et le journalisme mettent en commun leur savoir-faire sp\u00e9cifique. Serge est riche d\u2019un long parcours dans les m\u00e9dias d&rsquo;entreprise. Jan est actif dans le journalisme m\u00e9dical depuis plus de 20 ans. Tania poss\u00e8de une large exp\u00e9rience dans la vente et les m\u00e9dias. Leur agence prend en charge vos \u00e9v\u00e9nements de A \u00e0 Z, qu\u2019ils soient en ligne, en direct ou hybrides. Du concept \u00e0 l\u2019envoi des invitations en passant par l&rsquo;aftermovie. Un seul partenaire, et tout est r\u00e9gl\u00e9!<\/p>\t\t\t\t\t\t\t\t<\/div>\n\t\t\t\t<\/div>\n\t\t\t\t\t<\/div>\n\t\t<\/div>\n\t\t\t\t\t<\/div>\n\t\t<\/section>\n\t\t\t\t<section class=\"elementor-section elementor-top-section elementor-element elementor-element-b3504c2 elementor-reverse-mobile elementor-section-boxed elementor-section-height-default elementor-section-height-default\" data-id=\"b3504c2\" data-element_type=\"section\" data-e-type=\"section\" data-settings=\"{&quot;background_background&quot;:&quot;classic&quot;}\">\n\t\t\t\t\t\t<div class=\"elementor-container elementor-column-gap-default\">\n\t\t\t\t\t<div class=\"elementor-column elementor-col-33 elementor-top-column elementor-element elementor-element-767dc38 mih-card\" data-id=\"767dc38\" data-element_type=\"column\" data-e-type=\"column\" data-settings=\"{&quot;background_background&quot;:&quot;classic&quot;}\">\n\t\t\t<div class=\"elementor-widget-wrap elementor-element-populated\">\n\t\t\t\t\t\t<div class=\"elementor-element elementor-element-1d5e8d5 elementor-widget elementor-widget-image\" data-id=\"1d5e8d5\" data-element_type=\"widget\" data-e-type=\"widget\" data-widget_type=\"image.default\">\n\t\t\t\t<div class=\"elementor-widget-container\">\n\t\t\t\t\t\t\t\t\t\t\t\t\t\t\t<img fetchpriority=\"high\" decoding=\"async\" width=\"408\" height=\"488\" src=\"https:\/\/makeithappen.agency\/wp-content\/uploads\/photo-team-member-jan-van-parijs-2-1.jpg\" class=\"attachment-full size-full wp-image-2936\" alt=\"\" srcset=\"https:\/\/makeithappen.agency\/wp-content\/uploads\/photo-team-member-jan-van-parijs-2-1.jpg 408w, https:\/\/makeithappen.agency\/wp-content\/uploads\/photo-team-member-jan-van-parijs-2-1-251x300.jpg 251w\" sizes=\"(max-width: 408px) 100vw, 408px\" \/>\t\t\t\t\t\t\t\t\t\t\t\t\t\t\t<\/div>\n\t\t\t\t<\/div>\n\t\t\t\t<div class=\"elementor-element elementor-element-d309530 elementor-widget elementor-widget-heading\" data-id=\"d309530\" data-element_type=\"widget\" data-e-type=\"widget\" data-widget_type=\"heading.default\">\n\t\t\t\t<div class=\"elementor-widget-container\">\n\t\t\t\t\t<h2 class=\"elementor-heading-title elementor-size-default\">Jan Van Parijs<\/h2>\t\t\t\t<\/div>\n\t\t\t\t<\/div>\n\t\t\t\t<div class=\"elementor-element elementor-element-3287f00 elementor-widget elementor-widget-heading\" data-id=\"3287f00\" data-element_type=\"widget\" data-e-type=\"widget\" data-widget_type=\"heading.default\">\n\t\t\t\t<div class=\"elementor-widget-container\">\n\t\t\t\t\t<p class=\"elementor-heading-title elementor-size-default\">Chief Production<\/p>\t\t\t\t<\/div>\n\t\t\t\t<\/div>\n\t\t\t\t<div class=\"elementor-element elementor-element-f7b513b elementor-widget elementor-widget-text-editor\" data-id=\"f7b513b\" data-element_type=\"widget\" data-e-type=\"widget\" data-widget_type=\"text-editor.default\">\n\t\t\t\t<div class=\"elementor-widget-container\">\n\t\t\t\t\t\t\t\t\t<p>Jan Van Parijs est journaliste m\u00e9dical depuis plus de 20 ans. Il a commenc\u00e9 par animer des \u00e9missions t\u00e9l\u00e9vis\u00e9es sur la sant\u00e9. Plus tard, il a travaill\u00e9 pour de grands m\u00e9dias sp\u00e9cialis\u00e9s dans les soins de sant\u00e9. Depuis l&rsquo;\u00e9pid\u00e9mie du corona, il produit quotidiennement des webinaires m\u00e9dicaux. Ces webinaires s&rsquo;adressent aux patients, aux m\u00e9decins, aux infirmi\u00e8res et aux pharmaciens. Il est le fondateur du fournisseur de contenu m\u00e9dical Tamara Twist.<\/p>\t\t\t\t\t\t\t\t<\/div>\n\t\t\t\t<\/div>\n\t\t\t\t<div class=\"elementor-element elementor-element-8194ea9 e-grid-align-left elementor-shape-rounded elementor-grid-0 elementor-widget elementor-widget-social-icons\" data-id=\"8194ea9\" data-element_type=\"widget\" data-e-type=\"widget\" data-widget_type=\"social-icons.default\">\n\t\t\t\t<div class=\"elementor-widget-container\">\n\t\t\t\t\t\t\t<div class=\"elementor-social-icons-wrapper elementor-grid\">\n\t\t\t\t\t\t\t<span class=\"elementor-grid-item\">\n\t\t\t\t\t<a class=\"elementor-icon elementor-social-icon elementor-social-icon-linkedin elementor-repeater-item-26131f0\" href=\"https:\/\/www.linkedin.com\/in\/jan-van-parijs-9234a22a\/\" target=\"_blank\">\n\t\t\t\t\t\t<span class=\"elementor-screen-only\">Linkedin<\/span>\n\t\t\t\t\t\t<i aria-hidden=\"true\" class=\"fab fa-linkedin\"><\/i>\t\t\t\t\t<\/a>\n\t\t\t\t<\/span>\n\t\t\t\t\t<\/div>\n\t\t\t\t\t\t<\/div>\n\t\t\t\t<\/div>\n\t\t\t\t\t<\/div>\n\t\t<\/div>\n\t\t\t\t<div class=\"elementor-column elementor-col-33 elementor-top-column elementor-element elementor-element-fbc2bd4 mih-card\" data-id=\"fbc2bd4\" data-element_type=\"column\" data-e-type=\"column\" data-settings=\"{&quot;background_background&quot;:&quot;classic&quot;}\">\n\t\t\t<div class=\"elementor-widget-wrap elementor-element-populated\">\n\t\t\t\t\t\t<div class=\"elementor-element elementor-element-0adc776 elementor-widget elementor-widget-image\" data-id=\"0adc776\" data-element_type=\"widget\" data-e-type=\"widget\" data-widget_type=\"image.default\">\n\t\t\t\t<div class=\"elementor-widget-container\">\n\t\t\t\t\t\t\t\t\t\t\t\t\t\t\t<img decoding=\"async\" width=\"408\" height=\"488\" src=\"https:\/\/makeithappen.agency\/wp-content\/uploads\/photo-team-member-tania-vandingenen-2-1.jpg\" class=\"attachment-full size-full wp-image-2928\" alt=\"\" srcset=\"https:\/\/makeithappen.agency\/wp-content\/uploads\/photo-team-member-tania-vandingenen-2-1.jpg 408w, https:\/\/makeithappen.agency\/wp-content\/uploads\/photo-team-member-tania-vandingenen-2-1-251x300.jpg 251w\" sizes=\"(max-width: 408px) 100vw, 408px\" \/>\t\t\t\t\t\t\t\t\t\t\t\t\t\t\t<\/div>\n\t\t\t\t<\/div>\n\t\t\t\t<div class=\"elementor-element elementor-element-f4d16ef elementor-widget elementor-widget-heading\" data-id=\"f4d16ef\" data-element_type=\"widget\" data-e-type=\"widget\" data-widget_type=\"heading.default\">\n\t\t\t\t<div class=\"elementor-widget-container\">\n\t\t\t\t\t<h2 class=\"elementor-heading-title elementor-size-default\">Tania Vandingenen<\/h2>\t\t\t\t<\/div>\n\t\t\t\t<\/div>\n\t\t\t\t<div class=\"elementor-element elementor-element-8105173 elementor-widget elementor-widget-heading\" data-id=\"8105173\" data-element_type=\"widget\" data-e-type=\"widget\" data-widget_type=\"heading.default\">\n\t\t\t\t<div class=\"elementor-widget-container\">\n\t\t\t\t\t<p class=\"elementor-heading-title elementor-size-default\">Chief Sales<\/p>\t\t\t\t<\/div>\n\t\t\t\t<\/div>\n\t\t\t\t<div class=\"elementor-element elementor-element-ca96969 elementor-widget elementor-widget-text-editor\" data-id=\"ca96969\" data-element_type=\"widget\" data-e-type=\"widget\" data-widget_type=\"text-editor.default\">\n\t\t\t\t<div class=\"elementor-widget-container\">\n\t\t\t\t\t\t\t\t\t<p>Tania Vandingenen a une grande affinit\u00e9 avec les m\u00e9dias et le bien-\u00eatre mental. Pendant plus de 20 ans, elle a \u00e9t\u00e9 directrice des ventes dans diverses entreprises m\u00e9diatiques, pour des marques telles que De Tijd, Dag Allemaal, Goed Gevoel, Qmusic et JOE. Il y a quelques ann\u00e9es, elle s&rsquo;est lanc\u00e9e en tant que coach ind\u00e9pendante de r\u00e9silience et de carri\u00e8re. Elle combine avec passion et enthousiasme ce travail avec la recherche de sponsors pour toutes les activit\u00e9s de la SSMG, l&rsquo;association scientifique des m\u00e9decins g\u00e9n\u00e9ralistes francophones.<\/p>\t\t\t\t\t\t\t\t<\/div>\n\t\t\t\t<\/div>\n\t\t\t\t<div class=\"elementor-element elementor-element-014b094 e-grid-align-left elementor-shape-rounded elementor-grid-0 elementor-widget elementor-widget-social-icons\" data-id=\"014b094\" data-element_type=\"widget\" data-e-type=\"widget\" data-widget_type=\"social-icons.default\">\n\t\t\t\t<div class=\"elementor-widget-container\">\n\t\t\t\t\t\t\t<div class=\"elementor-social-icons-wrapper elementor-grid\">\n\t\t\t\t\t\t\t<span class=\"elementor-grid-item\">\n\t\t\t\t\t<a class=\"elementor-icon elementor-social-icon elementor-social-icon-linkedin elementor-repeater-item-26131f0\" href=\"https:\/\/be.linkedin.com\/in\/tania-vandingenen-18529484\" target=\"_blank\">\n\t\t\t\t\t\t<span class=\"elementor-screen-only\">Linkedin<\/span>\n\t\t\t\t\t\t<i aria-hidden=\"true\" class=\"fab fa-linkedin\"><\/i>\t\t\t\t\t<\/a>\n\t\t\t\t<\/span>\n\t\t\t\t\t<\/div>\n\t\t\t\t\t\t<\/div>\n\t\t\t\t<\/div>\n\t\t\t\t\t<\/div>\n\t\t<\/div>\n\t\t\t\t<div class=\"elementor-column elementor-col-33 elementor-top-column elementor-element elementor-element-74a379a mih-card\" data-id=\"74a379a\" data-element_type=\"column\" data-e-type=\"column\" data-settings=\"{&quot;background_background&quot;:&quot;classic&quot;}\">\n\t\t\t<div class=\"elementor-widget-wrap elementor-element-populated\">\n\t\t\t\t\t\t<div class=\"elementor-element elementor-element-1c0a2a4 elementor-widget elementor-widget-image\" data-id=\"1c0a2a4\" data-element_type=\"widget\" data-e-type=\"widget\" data-widget_type=\"image.default\">\n\t\t\t\t<div class=\"elementor-widget-container\">\n\t\t\t\t\t\t\t\t\t\t\t\t\t\t\t<img decoding=\"async\" width=\"408\" height=\"488\" src=\"https:\/\/makeithappen.agency\/wp-content\/uploads\/photo-team-member-serge-van-der-meirsch-2-1.jpg\" class=\"attachment-full size-full wp-image-2932\" alt=\"\" srcset=\"https:\/\/makeithappen.agency\/wp-content\/uploads\/photo-team-member-serge-van-der-meirsch-2-1.jpg 408w, https:\/\/makeithappen.agency\/wp-content\/uploads\/photo-team-member-serge-van-der-meirsch-2-1-251x300.jpg 251w\" sizes=\"(max-width: 408px) 100vw, 408px\" \/>\t\t\t\t\t\t\t\t\t\t\t\t\t\t\t<\/div>\n\t\t\t\t<\/div>\n\t\t\t\t<div class=\"elementor-element elementor-element-84c33bd elementor-widget elementor-widget-heading\" data-id=\"84c33bd\" data-element_type=\"widget\" data-e-type=\"widget\" data-widget_type=\"heading.default\">\n\t\t\t\t<div class=\"elementor-widget-container\">\n\t\t\t\t\t<h2 class=\"elementor-heading-title elementor-size-default\">Serge Van Der Meirsch<\/h2>\t\t\t\t<\/div>\n\t\t\t\t<\/div>\n\t\t\t\t<div class=\"elementor-element elementor-element-9cb8839 elementor-widget elementor-widget-heading\" data-id=\"9cb8839\" data-element_type=\"widget\" data-e-type=\"widget\" data-widget_type=\"heading.default\">\n\t\t\t\t<div class=\"elementor-widget-container\">\n\t\t\t\t\t<p class=\"elementor-heading-title elementor-size-default\">Chief Events<\/p>\t\t\t\t<\/div>\n\t\t\t\t<\/div>\n\t\t\t\t<div class=\"elementor-element elementor-element-ac9ca1d elementor-widget elementor-widget-text-editor\" data-id=\"ac9ca1d\" data-element_type=\"widget\" data-e-type=\"widget\" data-widget_type=\"text-editor.default\">\n\t\t\t\t<div class=\"elementor-widget-container\">\n\t\t\t\t\t\t\t\t\t<p>Serge Van der Meirsch est un professionnel de l&rsquo;\u00e9v\u00e9nementiel enthousiaste et cr\u00e9atif, fort de plus de 20 ans d&rsquo;exp\u00e9rience. Il est sp\u00e9cialis\u00e9 dans le d\u00e9veloppement d&rsquo;une exp\u00e9rience unique pour votre \u00e9v\u00e9nement : du concept \u00e0 la mise en \u0153uvre compl\u00e8te avec le souci du d\u00e9tail, tant pour les \u00e9v\u00e9nements avec un public en direct sur place qu\u2019en streaming. Serge est le fondateur d&rsquo;opaqo, un studio de production d\u2019\u00e9v\u00e9nements, notamment pour les journaux \u00e9conomiques De Tijd et L&rsquo;\u00c9cho, des institutions financi\u00e8res, des organisations \u00e0 but lucratif et non lucratif, &#8230;<\/p>\t\t\t\t\t\t\t\t<\/div>\n\t\t\t\t<\/div>\n\t\t\t\t<div class=\"elementor-element elementor-element-840bd85 e-grid-align-left elementor-shape-rounded elementor-grid-0 elementor-widget elementor-widget-social-icons\" data-id=\"840bd85\" data-element_type=\"widget\" data-e-type=\"widget\" data-widget_type=\"social-icons.default\">\n\t\t\t\t<div class=\"elementor-widget-container\">\n\t\t\t\t\t\t\t<div class=\"elementor-social-icons-wrapper elementor-grid\">\n\t\t\t\t\t\t\t<span class=\"elementor-grid-item\">\n\t\t\t\t\t<a class=\"elementor-icon elementor-social-icon elementor-social-icon-linkedin elementor-repeater-item-26131f0\" href=\"https:\/\/www.linkedin.com\/in\/serge-van-der-meirsch-62b8653\/\" target=\"_blank\">\n\t\t\t\t\t\t<span class=\"elementor-screen-only\">Linkedin<\/span>\n\t\t\t\t\t\t<i aria-hidden=\"true\" class=\"fab fa-linkedin\"><\/i>\t\t\t\t\t<\/a>\n\t\t\t\t<\/span>\n\t\t\t\t\t<\/div>\n\t\t\t\t\t\t<\/div>\n\t\t\t\t<\/div>\n\t\t\t\t\t<\/div>\n\t\t<\/div>\n\t\t\t\t\t<\/div>\n\t\t<\/section>\n\t\t\t\t<section class=\"elementor-section elementor-top-section elementor-element elementor-element-11a60b3 elementor-section-boxed elementor-section-height-default elementor-section-height-default\" data-id=\"11a60b3\" data-element_type=\"section\" data-e-type=\"section\">\n\t\t\t\t\t\t<div class=\"elementor-container elementor-column-gap-default\">\n\t\t\t\t\t<div class=\"elementor-column elementor-col-100 elementor-top-column elementor-element elementor-element-ba2d900\" data-id=\"ba2d900\" data-element_type=\"column\" data-e-type=\"column\">\n\t\t\t<div class=\"elementor-widget-wrap elementor-element-populated\">\n\t\t\t\t\t\t<div class=\"elementor-element elementor-element-97cc5a0 elementor-widget elementor-widget-heading\" data-id=\"97cc5a0\" data-element_type=\"widget\" data-e-type=\"widget\" data-widget_type=\"heading.default\">\n\t\t\t\t<div class=\"elementor-widget-container\">\n\t\t\t\t\t<div class=\"elementor-heading-title elementor-size-default\"> Make it Happen travaille avec un large \u00e9ventail d\u2019ind\u00e9pendants, d'experts et de partenaires talentueux qui, ensemble, font de chaque projet une histoire unique et exclusive.<\/div>\t\t\t\t<\/div>\n\t\t\t\t<\/div>\n\t\t\t\t\t<\/div>\n\t\t<\/div>\n\t\t\t\t\t<\/div>\n\t\t<\/section>\n\t\t\t\t<\/div>\n\t\t","protected":false},"excerpt":{"rendered":"<p>Qui sommes-nous? Trois professionnels disposant de nombreuses ann\u00e9es d&rsquo;exp\u00e9rience dans les m\u00e9dias, l&rsquo;\u00e9v\u00e9nementiel et le journalisme mettent en commun leur savoir-faire sp\u00e9cifique. Serge est riche d\u2019un long parcours dans les m\u00e9dias d&rsquo;entreprise. Jan est actif dans le journalisme m\u00e9dical depuis plus de 20 ans. Tania poss\u00e8de une large exp\u00e9rience dans la vente et les m\u00e9dias. [&hellip;]<\/p>\n","protected":false},"author":1,"featured_media":0,"parent":0,"menu_order":0,"comment_status":"closed","ping_status":"closed","template":"","meta":{"footnotes":""},"class_list":["post-3235","page","type-page","status-publish","hentry"],"_links":{"self":[{"href":"https:\/\/makeithappen.agency\/fr\/wp-json\/wp\/v2\/pages\/3235","targetHints":{"allow":["GET"]}}],"collection":[{"href":"https:\/\/makeithappen.agency\/fr\/wp-json\/wp\/v2\/pages"}],"about":[{"href":"https:\/\/makeithappen.agency\/fr\/wp-json\/wp\/v2\/types\/page"}],"author":[{"embeddable":true,"href":"https:\/\/makeithappen.agency\/fr\/wp-json\/wp\/v2\/users\/1"}],"replies":[{"embeddable":true,"href":"https:\/\/makeithappen.agency\/fr\/wp-json\/wp\/v2\/comments?post=3235"}],"version-history":[{"count":0,"href":"https:\/\/makeithappen.agency\/fr\/wp-json\/wp\/v2\/pages\/3235\/revisions"}],"wp:attachment":[{"href":"https:\/\/makeithappen.agency\/fr\/wp-json\/wp\/v2\/media?parent=3235"}],"curies":[{"name":"wp","href":"https:\/\/api.w.org\/{rel}","templated":true}]}}