{"id":3308,"date":"2023-02-06T01:25:00","date_gmt":"2023-02-06T01:25:00","guid":{"rendered":"https:\/\/makeithappen.agency\/cookies\/"},"modified":"2025-05-28T13:23:32","modified_gmt":"2025-05-28T13:23:32","slug":"cookies","status":"publish","type":"page","link":"https:\/\/makeithappen.agency\/fr\/cookies\/","title":{"rendered":"Cookies"},"content":{"rendered":"\t\t<div data-elementor-type=\"wp-page\" data-elementor-id=\"3308\" class=\"elementor elementor-3308 elementor-33\" data-elementor-post-type=\"page\">\n\t\t\t\t\t\t<section class=\"elementor-section elementor-top-section elementor-element elementor-element-d80b20c elementor-section-height-min-height mih-s-main-2 elementor-section-boxed elementor-section-height-default elementor-section-items-middle\" data-id=\"d80b20c\" data-element_type=\"section\" data-e-type=\"section\" data-settings=\"{&quot;background_background&quot;:&quot;classic&quot;,&quot;shape_divider_bottom&quot;:&quot;tilt&quot;}\">\n\t\t\t\t\t\t\t<div class=\"elementor-background-overlay\"><\/div>\n\t\t\t\t\t\t<div class=\"elementor-shape elementor-shape-bottom\" aria-hidden=\"true\" data-negative=\"false\">\n\t\t\t<svg xmlns=\"http:\/\/www.w3.org\/2000\/svg\" viewBox=\"0 0 1000 100\" preserveAspectRatio=\"none\">\n\t<path class=\"elementor-shape-fill\" d=\"M0,6V0h1000v100L0,6z\"\/>\n<\/svg>\t\t<\/div>\n\t\t\t\t\t<div class=\"elementor-container elementor-column-gap-no\">\n\t\t\t\t\t<div class=\"elementor-column elementor-col-100 elementor-top-column elementor-element elementor-element-099cc50\" data-id=\"099cc50\" data-element_type=\"column\" data-e-type=\"column\">\n\t\t\t<div class=\"elementor-widget-wrap elementor-element-populated\">\n\t\t\t\t\t\t<div class=\"elementor-element elementor-element-b46658c elementor-widget elementor-widget-heading\" data-id=\"b46658c\" data-element_type=\"widget\" data-e-type=\"widget\" data-widget_type=\"heading.default\">\n\t\t\t\t<div class=\"elementor-widget-container\">\n\t\t\t\t\t<h1 class=\"elementor-heading-title elementor-size-default\">Politique cookies<\/h1>\t\t\t\t<\/div>\n\t\t\t\t<\/div>\n\t\t\t\t<div class=\"elementor-element elementor-element-edc9aca elementor-widget elementor-widget-text-editor\" data-id=\"edc9aca\" data-element_type=\"widget\" data-e-type=\"widget\" data-widget_type=\"text-editor.default\">\n\t\t\t\t<div class=\"elementor-widget-container\">\n\t\t\t\t\t\t\t\t\t<p>Lorsque vous utilisez nos services, vous nous confiez vos donn\u00e9es. Nous comprenons qu&rsquo;il s&rsquo;agit d&rsquo;une responsabilit\u00e9 majeure et travaillons dur pour prot\u00e9ger vos informations.<\/p>\t\t\t\t\t\t\t\t<\/div>\n\t\t\t\t<\/div>\n\t\t\t\t\t<\/div>\n\t\t<\/div>\n\t\t\t\t\t<\/div>\n\t\t<\/section>\n\t\t\t\t<section class=\"elementor-section elementor-top-section elementor-element elementor-element-1c33f9c elementor-section-boxed elementor-section-height-default elementor-section-height-default\" data-id=\"1c33f9c\" data-element_type=\"section\" data-e-type=\"section\" data-settings=\"{&quot;background_background&quot;:&quot;classic&quot;}\">\n\t\t\t\t\t\t<div class=\"elementor-container elementor-column-gap-default\">\n\t\t\t\t\t<div class=\"elementor-column elementor-col-50 elementor-top-column elementor-element elementor-element-fdd12c1 mih-text-editor-output\" data-id=\"fdd12c1\" data-element_type=\"column\" data-e-type=\"column\">\n\t\t\t<div class=\"elementor-widget-wrap elementor-element-populated\">\n\t\t\t\t\t\t<div class=\"elementor-element elementor-element-5c65588 elementor-widget elementor-widget-heading\" data-id=\"5c65588\" data-element_type=\"widget\" data-e-type=\"widget\" data-widget_type=\"heading.default\">\n\t\t\t\t<div class=\"elementor-widget-container\">\n\t\t\t\t\t<h2 class=\"elementor-heading-title elementor-size-default\">Que sont les cookies?<\/h2>\t\t\t\t<\/div>\n\t\t\t\t<\/div>\n\t\t\t\t<div class=\"elementor-element elementor-element-98e6829 elementor-widget elementor-widget-text-editor\" data-id=\"98e6829\" data-element_type=\"widget\" data-e-type=\"widget\" data-widget_type=\"text-editor.default\">\n\t\t\t\t<div class=\"elementor-widget-container\">\n\t\t\t\t\t\t\t\t\t<p>Un cookie est un petit fichier texte et num\u00e9rique stock\u00e9 dans votre navigateur ou sur le disque dur de votre ordinateur. De cette fa\u00e7on, nous pouvons m\u00e9moriser vos pr\u00e9f\u00e9rences lors de l\u2019utilisation de notre site Web. Celui-ci utilise des cookies dits fonctionnels, qui facilitent l&rsquo;utilisation de notre site Internet pour vous en tant que visiteur. De plus, il existe des cookies non fonctionnels pour collecter des statistiques sur nos visiteurs afin d&rsquo;am\u00e9liorer notre site Internet.<\/p><p>Une autre distinction est faite entre les cookies permanents et temporaires, d&rsquo;une part, et les cookies directs et indirects, d&rsquo;autre part. Les cookies sont persistants lorsqu&rsquo;ils restent sur l&rsquo;ordinateur de l&rsquo;utilisateur m\u00eame apr\u00e8s que celui-ci ferme le navigateur ; les cookies temporaires disparaissent une fois que l&rsquo;utilisateur ferme le navigateur. Les cookies de premi\u00e8re partie sont envoy\u00e9s par le site Web lui-m\u00eame ; les cookies indirects proviennent de tiers.<\/p>\t\t\t\t\t\t\t\t<\/div>\n\t\t\t\t<\/div>\n\t\t\t\t<div class=\"elementor-element elementor-element-b04979b elementor-widget elementor-widget-heading\" data-id=\"b04979b\" data-element_type=\"widget\" data-e-type=\"widget\" data-widget_type=\"heading.default\">\n\t\t\t\t<div class=\"elementor-widget-container\">\n\t\t\t\t\t<h3 class=\"elementor-heading-title elementor-size-default\">Informations sur notre utilisation des cookies<\/h3>\t\t\t\t<\/div>\n\t\t\t\t<\/div>\n\t\t\t\t<div class=\"elementor-element elementor-element-57b246f elementor-widget elementor-widget-text-editor\" data-id=\"57b246f\" data-element_type=\"widget\" data-e-type=\"widget\" data-widget_type=\"text-editor.default\">\n\t\t\t\t<div class=\"elementor-widget-container\">\n\t\t\t\t\t\t\t\t\t<p>Notre site Web utilise des cookies et des technologies similaires pour distinguer vos pr\u00e9f\u00e9rences d&rsquo;utilisateur de celles des autres utilisateurs de notre site Web. Cela nous aide \u00e0 vous offrir une meilleure exp\u00e9rience utilisateur lorsque vous visitez notre site Web et nous permet \u00e9galement d\u2019optimiser notre site Web. Toutefois, les cookies et technologies similaires ne permettent pas la collecte syst\u00e9matique de donn\u00e9es permettant d\u2019identifier les utilisateurs de notre site Internet. Ils nous aident uniquement \u00e0 am\u00e9liorer le fonctionnement de notre site Internet, \u00e0 comprendre les int\u00e9r\u00eats de nos utilisateurs et \u00e0 mesurer l&rsquo;efficacit\u00e9 du contenu de notre site Internet.<\/p><p>En raison des r\u00e9cents changements l\u00e9gislatifs, tous les sites Web destin\u00e9s \u00e0 certaines parties de l&rsquo;Union europ\u00e9enne sont tenus d&rsquo;obtenir votre consentement avant d&rsquo;utiliser ou de stocker des cookies et des technologies similaires sur vos ordinateurs ou appareils mobiles. Cette politique en mati\u00e8re de cookies vous donne des informations claires et compl\u00e8tes sur les cookies que nous utilisons et leur finalit\u00e9. Veuillez lire notre <a href=\"https:\/\/makeithappen.agency\/fr\/confidentialite\/\">politique de confidentialit\u00e9<\/a> pour vous familiariser avec les r\u00e8gles de confidentialit\u00e9 qui s&rsquo;appliquent au site Web. Pour plus d\u2019informations sur cette d\u00e9claration relative aux cookies, vous pouvez toujours <a href=\"https:\/\/makeithappen.agency\/fr\/contact\/\">nous contacter<\/a>.<\/p><p>Pour plus d\u2019informations sur la suppression ou le blocage des cookies, veuillez visiter le site Web suivant: <a href=\"https:\/\/www.aboutcookies.org\/Default.aspx?page=2\">https:\/\/www.aboutcookies.org\/Default.aspx?page=2<\/a>.<\/p>\t\t\t\t\t\t\t\t<\/div>\n\t\t\t\t<\/div>\n\t\t\t\t<div class=\"elementor-element elementor-element-9ded84f elementor-widget elementor-widget-heading\" data-id=\"9ded84f\" data-element_type=\"widget\" data-e-type=\"widget\" data-widget_type=\"heading.default\">\n\t\t\t\t<div class=\"elementor-widget-container\">\n\t\t\t\t\t<h3 class=\"elementor-heading-title elementor-size-default\">Il existe diff\u00e9rents types de cookies<\/h3>\t\t\t\t<\/div>\n\t\t\t\t<\/div>\n\t\t\t\t<div class=\"elementor-element elementor-element-a78261f elementor-widget elementor-widget-heading\" data-id=\"a78261f\" data-element_type=\"widget\" data-e-type=\"widget\" data-widget_type=\"heading.default\">\n\t\t\t\t<div class=\"elementor-widget-container\">\n\t\t\t\t\t<h4 class=\"elementor-heading-title elementor-size-default\">Cookies fonctionnels<\/h4>\t\t\t\t<\/div>\n\t\t\t\t<\/div>\n\t\t\t\t<div class=\"elementor-element elementor-element-ade5b6c elementor-widget elementor-widget-text-editor\" data-id=\"ade5b6c\" data-element_type=\"widget\" data-e-type=\"widget\" data-widget_type=\"text-editor.default\">\n\t\t\t\t<div class=\"elementor-widget-container\">\n\t\t\t\t\t\t\t\t\t<p>Les cookies fonctionnels (permanents et directs) de ce site Web enregistrent les pr\u00e9f\u00e9rences saisies par le visiteur (par exemple le choix de la langue) et reconnaissent le visiteur lors d&rsquo;une visite ult\u00e9rieure sur le site Web. L&rsquo;avantage des cookies fonctionnels est que le visiteur n&rsquo;a pas besoin de saisir encore et encore ses pr\u00e9f\u00e9rences, ce qui rend le site Web plus convivial. Vous pouvez supprimer ces cookies fonctionnels via les param\u00e8tres du navigateur. Vous trouverez ci-dessous comment proc\u00e9der.<\/p>\t\t\t\t\t\t\t\t<\/div>\n\t\t\t\t<\/div>\n\t\t\t\t<div class=\"elementor-element elementor-element-348334b elementor-widget elementor-widget-heading\" data-id=\"348334b\" data-element_type=\"widget\" data-e-type=\"widget\" data-widget_type=\"heading.default\">\n\t\t\t\t<div class=\"elementor-widget-container\">\n\t\t\t\t\t<h4 class=\"elementor-heading-title elementor-size-default\">Cookies \u00e0 des fins analytiques<\/h4>\t\t\t\t<\/div>\n\t\t\t\t<\/div>\n\t\t\t\t<div class=\"elementor-element elementor-element-8901ec7 elementor-widget elementor-widget-text-editor\" data-id=\"8901ec7\" data-element_type=\"widget\" data-e-type=\"widget\" data-widget_type=\"text-editor.default\">\n\t\t\t\t<div class=\"elementor-widget-container\">\n\t\t\t\t\t\t\t\t\t<p>Ce site Web utilise \u00e9galement Google Analytics, un service d&rsquo;analyse Web fourni par Google Inc. (\u00ab\u00a0Google\u00a0\u00bb) \u00e0 des fins statistiques. Google Analytics lui-m\u00eame utilise des cookies pour analyser la mani\u00e8re dont les visiteurs utilisent ce site Web. Les informations g\u00e9n\u00e9r\u00e9es par les cookies concernant votre utilisation de ce site Web (y compris votre adresse IP, l&rsquo;heure \u00e0 laquelle vous visitez le site, le type de navigateur que vous utilisez, les pages que vous consultez et les fichiers que vous t\u00e9l\u00e9chargez) sont transf\u00e9r\u00e9es et stock\u00e9es par Google. sur des serveurs aux \u00c9tats-Unis. Google utilise ces informations pour compiler des rapports sur l&rsquo;activit\u00e9 du site Web. Google ne peut pas fournir ces informations \u00e0 des tiers, sauf si Google y est l\u00e9galement oblig\u00e9. Google ne combinera pas votre adresse IP avec d&rsquo;autres donn\u00e9es d\u00e9tenues par Google. En utilisant ce site Internet, vous consentez au traitement des informations par Google de la mani\u00e8re et aux fins d\u00e9crites ci-dessus.<\/p><p>Google adh\u00e8re aux principes Safe Harbor et est affili\u00e9 au programme Safe Harbor du minist\u00e8re am\u00e9ricain du Commerce. Si vous ne souhaitez pas que les donn\u00e9es relatives \u00e0 votre visite sur le site Web soient transmises \u00e0 Google Analytics, vous pouvez <a href=\"https:\/\/tools.google.com\/dlpage\/gaoptout\">t\u00e9l\u00e9charger<\/a> et installer le module compl\u00e9mentaire de navigateur de d\u00e9sactivation de Google Analytics.<\/p>\t\t\t\t\t\t\t\t<\/div>\n\t\t\t\t<\/div>\n\t\t\t\t<div class=\"elementor-element elementor-element-3990630 elementor-widget elementor-widget-heading\" data-id=\"3990630\" data-element_type=\"widget\" data-e-type=\"widget\" data-widget_type=\"heading.default\">\n\t\t\t\t<div class=\"elementor-widget-container\">\n\t\t\t\t\t<h4 class=\"elementor-heading-title elementor-size-default\">Cookies de suivi<\/h4>\t\t\t\t<\/div>\n\t\t\t\t<\/div>\n\t\t\t\t<div class=\"elementor-element elementor-element-398c78e elementor-widget elementor-widget-text-editor\" data-id=\"398c78e\" data-element_type=\"widget\" data-e-type=\"widget\" data-widget_type=\"text-editor.default\">\n\t\t\t\t<div class=\"elementor-widget-container\">\n\t\t\t\t\t\t\t\t\t<p>Ces cookies gardent une trace des pages que vous visitez afin de cr\u00e9er un profil de votre comportement en ligne. Ce profil peut \u00eatre li\u00e9 \u00e0 votre nom, adresse, adresse e-mail, etc.<\/p>\t\t\t\t\t\t\t\t<\/div>\n\t\t\t\t<\/div>\n\t\t\t\t<div class=\"elementor-element elementor-element-c7197eb elementor-widget elementor-widget-heading\" data-id=\"c7197eb\" data-element_type=\"widget\" data-e-type=\"widget\" data-widget_type=\"heading.default\">\n\t\t\t\t<div class=\"elementor-widget-container\">\n\t\t\t\t\t<h3 class=\"elementor-heading-title elementor-size-default\">Quels cookies sp\u00e9cifiques ce site Web utilise-t-il?<\/h3>\t\t\t\t<\/div>\n\t\t\t\t<\/div>\n\t\t\t\t<div class=\"elementor-element elementor-element-66da2bc elementor-widget elementor-widget-text-editor\" data-id=\"66da2bc\" data-element_type=\"widget\" data-e-type=\"widget\" data-widget_type=\"text-editor.default\">\n\t\t\t\t<div class=\"elementor-widget-container\">\n\t\t\t\t\t\t\t\t\t<p>Vous trouverez ci-dessous un aper\u00e7u des cookies fonctionnels et non fonctionnels utilis\u00e9s sur notre site Web:<\/p>\t\t\t\t\t\t\t\t<\/div>\n\t\t\t\t<\/div>\n\t\t\t\t<div class=\"elementor-element elementor-element-92db14e elementor-widget elementor-widget-heading\" data-id=\"92db14e\" data-element_type=\"widget\" data-e-type=\"widget\" data-widget_type=\"heading.default\">\n\t\t\t\t<div class=\"elementor-widget-container\">\n\t\t\t\t\t<h4 class=\"elementor-heading-title elementor-size-default\">MAKE IT HAPPEN<\/h4>\t\t\t\t<\/div>\n\t\t\t\t<\/div>\n\t\t\t\t<div class=\"elementor-element elementor-element-ed4cc8f elementor-widget elementor-widget-text-editor\" data-id=\"ed4cc8f\" data-element_type=\"widget\" data-e-type=\"widget\" data-widget_type=\"text-editor.default\">\n\t\t\t\t<div class=\"elementor-widget-container\">\n\t\t\t\t\t\t\t\t\t<ul><li>makeithappen-locale<\/li><\/ul>\t\t\t\t\t\t\t\t<\/div>\n\t\t\t\t<\/div>\n\t\t\t\t<div class=\"elementor-element elementor-element-8bcaf02 elementor-widget elementor-widget-heading\" data-id=\"8bcaf02\" data-element_type=\"widget\" data-e-type=\"widget\" data-widget_type=\"heading.default\">\n\t\t\t\t<div class=\"elementor-widget-container\">\n\t\t\t\t\t<h4 class=\"elementor-heading-title elementor-size-default\">Analytique<\/h4>\t\t\t\t<\/div>\n\t\t\t\t<\/div>\n\t\t\t\t<div class=\"elementor-element elementor-element-c2b240d elementor-widget elementor-widget-text-editor\" data-id=\"c2b240d\" data-element_type=\"widget\" data-e-type=\"widget\" data-widget_type=\"text-editor.default\">\n\t\t\t\t<div class=\"elementor-widget-container\">\n\t\t\t\t\t\t\t\t\t<ul><li>__utma: Google<\/li><li>__utmb: Google<\/li><li>__utmc: Google<\/li><li>__utmz: Google<\/li><\/ul>\t\t\t\t\t\t\t\t<\/div>\n\t\t\t\t<\/div>\n\t\t\t\t<div class=\"elementor-element elementor-element-04dbc4c elementor-widget elementor-widget-heading\" data-id=\"04dbc4c\" data-element_type=\"widget\" data-e-type=\"widget\" data-widget_type=\"heading.default\">\n\t\t\t\t<div class=\"elementor-widget-container\">\n\t\t\t\t\t<h3 class=\"elementor-heading-title elementor-size-default\">Supprimer et d\u00e9sactiver les cookies<\/h3>\t\t\t\t<\/div>\n\t\t\t\t<\/div>\n\t\t\t\t<div class=\"elementor-element elementor-element-ac9e028 elementor-widget elementor-widget-text-editor\" data-id=\"ac9e028\" data-element_type=\"widget\" data-e-type=\"widget\" data-widget_type=\"text-editor.default\">\n\t\t\t\t<div class=\"elementor-widget-container\">\n\t\t\t\t\t\t\t\t\t<p>La plupart des navigateurs Internet sont configur\u00e9s pour accepter automatiquement les cookies. Vous pouvez toutefois supprimer les cookies d\u00e9j\u00e0 d\u00e9pos\u00e9s et refuser le d\u00e9p\u00f4t de nouveaux cookies via les param\u00e8tres du navigateur de votre ordinateur. La m\u00e9thode diff\u00e8re selon le navigateur. Si vous supprimez ou refusez ces cookies, vous ne pourrez peut-\u00eatre pas utiliser toutes les fonctions du site Web actuel.<\/p>\t\t\t\t\t\t\t\t<\/div>\n\t\t\t\t<\/div>\n\t\t\t\t\t<\/div>\n\t\t<\/div>\n\t\t\t\t<div class=\"elementor-column elementor-col-50 elementor-top-column elementor-element elementor-element-ba39fc5\" data-id=\"ba39fc5\" data-element_type=\"column\" data-e-type=\"column\">\n\t\t\t<div class=\"elementor-widget-wrap elementor-element-populated\">\n\t\t\t\t\t\t<div class=\"elementor-element elementor-element-c5c26d2 elementor-cta--skin-classic elementor-animated-content elementor-widget elementor-widget-call-to-action\" data-id=\"c5c26d2\" data-element_type=\"widget\" data-e-type=\"widget\" data-settings=\"{&quot;sticky&quot;:&quot;top&quot;,&quot;sticky_on&quot;:[&quot;desktop&quot;],&quot;sticky_parent&quot;:&quot;yes&quot;,&quot;sticky_offset&quot;:0,&quot;sticky_effects_offset&quot;:0,&quot;sticky_anchor_link_offset&quot;:0}\" data-widget_type=\"call-to-action.default\">\n\t\t\t\t<div class=\"elementor-widget-container\">\n\t\t\t\t\t\t\t<div class=\"elementor-cta\">\n\t\t\t\t\t\t\t<div class=\"elementor-cta__content\">\n\t\t\t\t\n\t\t\t\t\t\t\t\t\t<h3 class=\"elementor-cta__title elementor-cta__content-item elementor-content-item\">\n\t\t\t\t\t\tBesoin d'aide?\t\t\t\t\t<\/h3>\n\t\t\t\t\n\t\t\t\t\t\t\t\t\t<div class=\"elementor-cta__description elementor-cta__content-item elementor-content-item\">\n\t\t\t\t\t\tVeuillez nous contacter pour plus d'informations. Nous aimerions avoir de vos nouvelles.\t\t\t\t\t<\/div>\n\t\t\t\t\n\t\t\t\t\t\t\t\t\t<div class=\"elementor-cta__button-wrapper elementor-cta__content-item elementor-content-item \">\n\t\t\t\t\t<a class=\"elementor-cta__button elementor-button elementor-size-\" href=\"https:\/\/makeithappen.agency\/fr\/contact\/\">\n\t\t\t\t\t\tContact\t\t\t\t\t<\/a>\n\t\t\t\t\t<\/div>\n\t\t\t\t\t\t\t<\/div>\n\t\t\t\t\t\t<\/div>\n\t\t\t\t\t\t<\/div>\n\t\t\t\t<\/div>\n\t\t\t\t\t<\/div>\n\t\t<\/div>\n\t\t\t\t\t<\/div>\n\t\t<\/section>\n\t\t\t\t<\/div>\n\t\t","protected":false},"excerpt":{"rendered":"<p>Politique cookies Lorsque vous utilisez nos services, vous nous confiez vos donn\u00e9es. Nous comprenons qu&rsquo;il s&rsquo;agit d&rsquo;une responsabilit\u00e9 majeure et travaillons dur pour prot\u00e9ger vos informations. Que sont les cookies? Un cookie est un petit fichier texte et num\u00e9rique stock\u00e9 dans votre navigateur ou sur le disque dur de votre ordinateur. De cette fa\u00e7on, nous [&hellip;]<\/p>\n","protected":false},"author":1,"featured_media":0,"parent":0,"menu_order":0,"comment_status":"closed","ping_status":"closed","template":"","meta":{"footnotes":""},"class_list":["post-3308","page","type-page","status-publish","hentry"],"_links":{"self":[{"href":"https:\/\/makeithappen.agency\/fr\/wp-json\/wp\/v2\/pages\/3308","targetHints":{"allow":["GET"]}}],"collection":[{"href":"https:\/\/makeithappen.agency\/fr\/wp-json\/wp\/v2\/pages"}],"about":[{"href":"https:\/\/makeithappen.agency\/fr\/wp-json\/wp\/v2\/types\/page"}],"author":[{"embeddable":true,"href":"https:\/\/makeithappen.agency\/fr\/wp-json\/wp\/v2\/users\/1"}],"replies":[{"embeddable":true,"href":"https:\/\/makeithappen.agency\/fr\/wp-json\/wp\/v2\/comments?post=3308"}],"version-history":[{"count":0,"href":"https:\/\/makeithappen.agency\/fr\/wp-json\/wp\/v2\/pages\/3308\/revisions"}],"wp:attachment":[{"href":"https:\/\/makeithappen.agency\/fr\/wp-json\/wp\/v2\/media?parent=3308"}],"curies":[{"name":"wp","href":"https:\/\/api.w.org\/{rel}","templated":true}]}}