{"id":3312,"date":"2023-02-06T01:25:12","date_gmt":"2023-02-06T01:25:12","guid":{"rendered":"https:\/\/makeithappen.agency\/confidentialite\/"},"modified":"2025-08-25T22:20:57","modified_gmt":"2025-08-25T22:20:57","slug":"confidentialite","status":"publish","type":"page","link":"https:\/\/makeithappen.agency\/fr\/confidentialite\/","title":{"rendered":"Confidentialit\u00e9"},"content":{"rendered":"\t\t<div data-elementor-type=\"wp-page\" data-elementor-id=\"3312\" class=\"elementor elementor-3312 elementor-35\" data-elementor-post-type=\"page\">\n\t\t\t\t\t\t<section class=\"elementor-section elementor-top-section elementor-element elementor-element-c823650 elementor-section-height-min-height mih-s-main-2 elementor-section-boxed elementor-section-height-default elementor-section-items-middle\" data-id=\"c823650\" data-element_type=\"section\" data-e-type=\"section\" data-settings=\"{&quot;background_background&quot;:&quot;classic&quot;,&quot;shape_divider_bottom&quot;:&quot;tilt&quot;}\">\n\t\t\t\t\t\t\t<div class=\"elementor-background-overlay\"><\/div>\n\t\t\t\t\t\t<div class=\"elementor-shape elementor-shape-bottom\" aria-hidden=\"true\" data-negative=\"false\">\n\t\t\t<svg xmlns=\"http:\/\/www.w3.org\/2000\/svg\" viewBox=\"0 0 1000 100\" preserveAspectRatio=\"none\">\n\t<path class=\"elementor-shape-fill\" d=\"M0,6V0h1000v100L0,6z\"\/>\n<\/svg>\t\t<\/div>\n\t\t\t\t\t<div class=\"elementor-container elementor-column-gap-no\">\n\t\t\t\t\t<div class=\"elementor-column elementor-col-100 elementor-top-column elementor-element elementor-element-5165c4a\" data-id=\"5165c4a\" data-element_type=\"column\" data-e-type=\"column\">\n\t\t\t<div class=\"elementor-widget-wrap elementor-element-populated\">\n\t\t\t\t\t\t<div class=\"elementor-element elementor-element-b817ea4 elementor-widget elementor-widget-heading\" data-id=\"b817ea4\" data-element_type=\"widget\" data-e-type=\"widget\" data-widget_type=\"heading.default\">\n\t\t\t\t<div class=\"elementor-widget-container\">\n\t\t\t\t\t<h1 class=\"elementor-heading-title elementor-size-default\">Politique de confidentialit\u00e9<\/h1>\t\t\t\t<\/div>\n\t\t\t\t<\/div>\n\t\t\t\t<div class=\"elementor-element elementor-element-95cad8f elementor-widget elementor-widget-text-editor\" data-id=\"95cad8f\" data-element_type=\"widget\" data-e-type=\"widget\" data-widget_type=\"text-editor.default\">\n\t\t\t\t<div class=\"elementor-widget-container\">\n\t\t\t\t\t\t\t\t\t<p>Lorsque vous utilisez nos services, vous nous confiez vos donn\u00e9es. Nous comprenons qu&rsquo;il s&rsquo;agit d&rsquo;une responsabilit\u00e9 majeure et travaillons dur pour prot\u00e9ger vos informations.<\/p>\t\t\t\t\t\t\t\t<\/div>\n\t\t\t\t<\/div>\n\t\t\t\t\t<\/div>\n\t\t<\/div>\n\t\t\t\t\t<\/div>\n\t\t<\/section>\n\t\t\t\t<section class=\"elementor-section elementor-top-section elementor-element elementor-element-0c62e31 elementor-section-boxed elementor-section-height-default elementor-section-height-default\" data-id=\"0c62e31\" data-element_type=\"section\" data-e-type=\"section\" data-settings=\"{&quot;background_background&quot;:&quot;classic&quot;}\">\n\t\t\t\t\t\t<div class=\"elementor-container elementor-column-gap-default\">\n\t\t\t\t\t<div class=\"elementor-column elementor-col-50 elementor-top-column elementor-element elementor-element-92f09c5 mih-text-editor-output\" data-id=\"92f09c5\" data-element_type=\"column\" data-e-type=\"column\">\n\t\t\t<div class=\"elementor-widget-wrap elementor-element-populated\">\n\t\t\t\t\t\t<div class=\"elementor-element elementor-element-474a05e elementor-widget elementor-widget-heading\" data-id=\"474a05e\" data-element_type=\"widget\" data-e-type=\"widget\" data-widget_type=\"heading.default\">\n\t\t\t\t<div class=\"elementor-widget-container\">\n\t\t\t\t\t<h2 class=\"elementor-heading-title elementor-size-default\">Votre vie priv\u00e9e<\/h2>\t\t\t\t<\/div>\n\t\t\t\t<\/div>\n\t\t\t\t<div class=\"elementor-element elementor-element-767ff773 elementor-widget elementor-widget-heading\" data-id=\"767ff773\" data-element_type=\"widget\" data-e-type=\"widget\" data-widget_type=\"heading.default\">\n\t\t\t\t<div class=\"elementor-widget-container\">\n\t\t\t\t\t<h3 class=\"elementor-heading-title elementor-size-default\">1. G\u00e9n\u00e9ral<\/h3>\t\t\t\t<\/div>\n\t\t\t\t<\/div>\n\t\t\t\t<div class=\"elementor-element elementor-element-494ac80 elementor-widget elementor-widget-text-editor\" data-id=\"494ac80\" data-element_type=\"widget\" data-e-type=\"widget\" data-widget_type=\"text-editor.default\">\n\t\t\t\t<div class=\"elementor-widget-container\">\n\t\t\t\t\t\t\t\t\t<p>Votre vie priv\u00e9e est tr\u00e8s importante pour nous. Nous souhaitons traiter vos donn\u00e9es personnelles de mani\u00e8re l\u00e9gale, correcte et transparente. Cette politique de confidentialit\u00e9 explique quelles donn\u00e9es personnelles nous collectons et traitons, conform\u00e9ment au R\u00e8glement G\u00e9n\u00e9ral sur la Protection des Donn\u00e9es (RGPD).  <\/p><p>Nous vous recommandons de lire attentivement ces informations afin que vous sachiez exactement \u00e0 quoi nous utilisons vos donn\u00e9es personnelles. Cette politique de confidentialit\u00e9 contient \u00e9galement plus d\u2019informations sur vos droits en mati\u00e8re de confidentialit\u00e9 et sur la mani\u00e8re dont vous pouvez les exercer. <\/p>\t\t\t\t\t\t\t\t<\/div>\n\t\t\t\t<\/div>\n\t\t\t\t<div class=\"elementor-element elementor-element-569c306f elementor-widget elementor-widget-heading\" data-id=\"569c306f\" data-element_type=\"widget\" data-e-type=\"widget\" data-widget_type=\"heading.default\">\n\t\t\t\t<div class=\"elementor-widget-container\">\n\t\t\t\t\t<h3 class=\"elementor-heading-title elementor-size-default\">2. Qui est responsable de cette politique de confidentialit\u00e9?<\/h3>\t\t\t\t<\/div>\n\t\t\t\t<\/div>\n\t\t\t\t<div class=\"elementor-element elementor-element-5ebf5910 elementor-widget elementor-widget-text-editor\" data-id=\"5ebf5910\" data-element_type=\"widget\" data-e-type=\"widget\" data-widget_type=\"text-editor.default\">\n\t\t\t\t<div class=\"elementor-widget-container\">\n\t\t\t\t\t\t\t\t\t<p>Make It Happen, dont le si\u00e8ge social est situ\u00e9 Jan Van Rijswijcklaan 164 b28, B-2020 Anvers, num\u00e9ro d\u2019entreprise 0000.000.000, op\u00e9rant sous le nom commercial MAKE IT HAPPEN est responsable de cette politique de confidentialit\u00e9. Pour toutes questions et\/ou commentaires, merci de contacter l\u2019adresse ci-dessus ou d\u2019utiliser notre <a href=\"https:\/\/makeithappen.agency\/fr\/contact\/\">formulaire de contact<\/a>. <\/p>\t\t\t\t\t\t\t\t<\/div>\n\t\t\t\t<\/div>\n\t\t\t\t<div class=\"elementor-element elementor-element-20f44e9b elementor-widget elementor-widget-heading\" data-id=\"20f44e9b\" data-element_type=\"widget\" data-e-type=\"widget\" data-widget_type=\"heading.default\">\n\t\t\t\t<div class=\"elementor-widget-container\">\n\t\t\t\t\t<h3 class=\"elementor-heading-title elementor-size-default\">3. Modifications et mises \u00e0 jour de la politique de confidentialit\u00e9<\/h3>\t\t\t\t<\/div>\n\t\t\t\t<\/div>\n\t\t\t\t<div class=\"elementor-element elementor-element-45a9874c elementor-widget elementor-widget-text-editor\" data-id=\"45a9874c\" data-element_type=\"widget\" data-e-type=\"widget\" data-widget_type=\"text-editor.default\">\n\t\t\t\t<div class=\"elementor-widget-container\">\n\t\t\t\t\t\t\t\t\t<p>Nous pouvons modifier la politique de confidentialit\u00e9 \u00e0 tout moment, par exemple en r\u00e9ponse \u00e0 des changements dans nos services ou dans la l\u00e9gislation applicable.<\/p>\t\t\t\t\t\t\t\t<\/div>\n\t\t\t\t<\/div>\n\t\t\t\t<div class=\"elementor-element elementor-element-223fb1c elementor-widget elementor-widget-heading\" data-id=\"223fb1c\" data-element_type=\"widget\" data-e-type=\"widget\" data-widget_type=\"heading.default\">\n\t\t\t\t<div class=\"elementor-widget-container\">\n\t\t\t\t\t<h3 class=\"elementor-heading-title elementor-size-default\">4. Quelles informations personnelles Make it Happen collecte-t-il ?<\/h3>\t\t\t\t<\/div>\n\t\t\t\t<\/div>\n\t\t\t\t<div class=\"elementor-element elementor-element-8dbfe21 elementor-widget elementor-widget-text-editor\" data-id=\"8dbfe21\" data-element_type=\"widget\" data-e-type=\"widget\" data-widget_type=\"text-editor.default\">\n\t\t\t\t<div class=\"elementor-widget-container\">\n\t\t\t\t\t\t\t\t\t<p>Nous enregistrons toutes les donn\u00e9es personnelles n\u00e9cessaires pour vous proposer nos services. Nous respectons le principe du traitement minimal des donn\u00e9es. C\u2019est le cas, par exemple, lorsque vous nous contactez, \u00e9tablissez une relation client ou utilisez notre site Internet. Les cat\u00e9gories de donn\u00e9es personnelles suivantes peuvent \u00eatre trait\u00e9es :   <\/p>\t\t\t\t\t\t\t\t<\/div>\n\t\t\t\t<\/div>\n\t\t\t\t<div class=\"elementor-element elementor-element-64f52a70 elementor-widget elementor-widget-text-editor\" data-id=\"64f52a70\" data-element_type=\"widget\" data-e-type=\"widget\" data-widget_type=\"text-editor.default\">\n\t\t\t\t<div class=\"elementor-widget-container\">\n\t\t\t\t\t\t\t\t\t<ul><li>Donn\u00e9es relatives \u00e0 votre identification, informations g\u00e9n\u00e9rales et coordonn\u00e9es.<\/li><li>Informations fiscales, financi\u00e8res et de paiement<\/li><li>Toutes les formes de donn\u00e9es personnelles que vous nous fournissez, y compris les donn\u00e9es sensibles si cela s\u2019applique \u00e0 l\u2019ex\u00e9cution de nos services.<\/li><\/ul>\t\t\t\t\t\t\t\t<\/div>\n\t\t\t\t<\/div>\n\t\t\t\t<div class=\"elementor-element elementor-element-4b9d4150 elementor-widget elementor-widget-heading\" data-id=\"4b9d4150\" data-element_type=\"widget\" data-e-type=\"widget\" data-widget_type=\"heading.default\">\n\t\t\t\t<div class=\"elementor-widget-container\">\n\t\t\t\t\t<h3 class=\"elementor-heading-title elementor-size-default\">5. \u00c0 quoi servent les donn\u00e9es personnelles collect\u00e9es?<\/h3>\t\t\t\t<\/div>\n\t\t\t\t<\/div>\n\t\t\t\t<div class=\"elementor-element elementor-element-551b003a elementor-widget elementor-widget-text-editor\" data-id=\"551b003a\" data-element_type=\"widget\" data-e-type=\"widget\" data-widget_type=\"text-editor.default\">\n\t\t\t\t<div class=\"elementor-widget-container\">\n\t\t\t\t\t\t\t\t\t<p>Nous collectons et utilisons les donn\u00e9es personnelles comme sp\u00e9cifi\u00e9 \u00e0 l\u2019article 4 pour:<\/p><ul><li>Pour permettre et am\u00e9liorer l\u2019utilisation du site Web.<\/li><li>Des services au sens le plus large du terme.<\/li><li>Pour g\u00e9rer notre client\u00e8le.<\/li><li>Fournir des services commerciaux.<\/li><\/ul>\t\t\t\t\t\t\t\t<\/div>\n\t\t\t\t<\/div>\n\t\t\t\t<div class=\"elementor-element elementor-element-45d2a8bf elementor-widget elementor-widget-heading\" data-id=\"45d2a8bf\" data-element_type=\"widget\" data-e-type=\"widget\" data-widget_type=\"heading.default\">\n\t\t\t\t<div class=\"elementor-widget-container\">\n\t\t\t\t\t<h3 class=\"elementor-heading-title elementor-size-default\">6. Avec qui Make It Happen partage-t-il vos donn\u00e9es personnelles ?<\/h3>\t\t\t\t<\/div>\n\t\t\t\t<\/div>\n\t\t\t\t<div class=\"elementor-element elementor-element-bd12b2c elementor-widget elementor-widget-text-editor\" data-id=\"bd12b2c\" data-element_type=\"widget\" data-e-type=\"widget\" data-widget_type=\"text-editor.default\">\n\t\t\t\t<div class=\"elementor-widget-container\">\n\t\t\t\t\t\t\t\t\t<p>Les donn\u00e9es personnelles obtenues dans le but de fournir nos services ne seront partag\u00e9es avec des tiers que dans le cadre du mandat fourni. Ceux-ci inclus: <\/p><ul><li>Comptables<\/li><li>Administrations publiques<\/li><li>Traducteurs<\/li><li>Institutions financi\u00e8res<\/li><li>Experts<\/li><li>Fournisseurs informatiques employ\u00e9s par Make it Happen dans le cadre de la gestion, de la maintenance, du support et de l\u2019h\u00e9bergement de l\u2019infrastructure informatique<\/li><\/ul>\t\t\t\t\t\t\t\t<\/div>\n\t\t\t\t<\/div>\n\t\t\t\t<div class=\"elementor-element elementor-element-29d4b37e elementor-widget elementor-widget-heading\" data-id=\"29d4b37e\" data-element_type=\"widget\" data-e-type=\"widget\" data-widget_type=\"heading.default\">\n\t\t\t\t<div class=\"elementor-widget-container\">\n\t\t\t\t\t<h3 class=\"elementor-heading-title elementor-size-default\">7. Quelles sont les justifications sur lesquelles s\u2019appuie Make it Happen ?<\/h3>\t\t\t\t<\/div>\n\t\t\t\t<\/div>\n\t\t\t\t<div class=\"elementor-element elementor-element-10c9fbb2 elementor-widget elementor-widget-text-editor\" data-id=\"10c9fbb2\" data-element_type=\"widget\" data-e-type=\"widget\" data-widget_type=\"text-editor.default\">\n\t\t\t\t<div class=\"elementor-widget-container\">\n\t\t\t\t\t\t\t\t\t<p>Les donn\u00e9es personnelles sont collect\u00e9es et trait\u00e9es sur la base des principes suivants:<\/p><ul><li>Le consentement que vous avez donn\u00e9. Vous avez toujours la possibilit\u00e9 de retirer votre consentement. <\/li><li>Pour la conclusion du contrat entre nous.<\/li><li>Comme requis pour respecter une obligation l\u00e9gale \u00e0 laquelle nous sommes soumis.<\/li><li>Dans certains cas, le traitement de vos donn\u00e9es peut \u00e9galement \u00eatre n\u00e9cessaire dans le cadre d\u2019un int\u00e9r\u00eat l\u00e9gitime du responsable du traitement ou d\u2019un tiers.<\/li><\/ul>\t\t\t\t\t\t\t\t<\/div>\n\t\t\t\t<\/div>\n\t\t\t\t<div class=\"elementor-element elementor-element-b19baae elementor-widget elementor-widget-heading\" data-id=\"b19baae\" data-element_type=\"widget\" data-e-type=\"widget\" data-widget_type=\"heading.default\">\n\t\t\t\t<div class=\"elementor-widget-container\">\n\t\t\t\t\t<h3 class=\"elementor-heading-title elementor-size-default\">8.Quels sont vos droits?<\/h3>\t\t\t\t<\/div>\n\t\t\t\t<\/div>\n\t\t\t\t<div class=\"elementor-element elementor-element-6eaa95c0 elementor-widget elementor-widget-heading\" data-id=\"6eaa95c0\" data-element_type=\"widget\" data-e-type=\"widget\" data-widget_type=\"heading.default\">\n\t\t\t\t<div class=\"elementor-widget-container\">\n\t\t\t\t\t<h4 class=\"elementor-heading-title elementor-size-default\">Droit d'acc\u00e8s<\/h4>\t\t\t\t<\/div>\n\t\t\t\t<\/div>\n\t\t\t\t<div class=\"elementor-element elementor-element-5f1f90d9 elementor-widget elementor-widget-text-editor\" data-id=\"5f1f90d9\" data-element_type=\"widget\" data-e-type=\"widget\" data-widget_type=\"text-editor.default\">\n\t\t\t\t<div class=\"elementor-widget-container\">\n\t\t\t\t\t\t\t\t\t<p>Si vous souhaitez consulter les donn\u00e9es que nous traitons \u00e0 votre sujet, veuillez nous en informer. Si vous exercez votre droit d\u2019acc\u00e8s, nous vous fournirons l\u2019aper\u00e7u le plus complet de vos donn\u00e9es personnelles. Certaines donn\u00e9es personnelles provenant de fichiers de sauvegarde classiques, de fichiers journaux, de fichiers historiques ou de fichiers d\u2019archives peuvent ne pas \u00eatre incluses dans cet aper\u00e7u. Ces donn\u00e9es ne font pas partie des donn\u00e9es personnelles r\u00e9guli\u00e8rement trait\u00e9es et ne sont donc pas imm\u00e9diatement disponibles. C\u2019est pourquoi ils ne peuvent pas \u00eatre inclus. Cependant, ils sont supprim\u00e9s de ces bases de donn\u00e9es \u00e0 l\u2019aide de processus de nettoyage standard.     <\/p>\t\t\t\t\t\t\t\t<\/div>\n\t\t\t\t<\/div>\n\t\t\t\t<div class=\"elementor-element elementor-element-6ec5a2a3 elementor-widget elementor-widget-heading\" data-id=\"6ec5a2a3\" data-element_type=\"widget\" data-e-type=\"widget\" data-widget_type=\"heading.default\">\n\t\t\t\t<div class=\"elementor-widget-container\">\n\t\t\t\t\t<h4 class=\"elementor-heading-title elementor-size-default\">Droit de rectification<\/h4>\t\t\t\t<\/div>\n\t\t\t\t<\/div>\n\t\t\t\t<div class=\"elementor-element elementor-element-56ca8e01 elementor-widget elementor-widget-text-editor\" data-id=\"56ca8e01\" data-element_type=\"widget\" data-e-type=\"widget\" data-widget_type=\"text-editor.default\">\n\t\t\t\t<div class=\"elementor-widget-container\">\n\t\t\t\t\t\t\t\t\t<p>Il peut arriver que certaines donn\u00e9es que nous avons stock\u00e9es \u00e0 votre sujet ne soient pas (ou plus) exactes. Vous pouvez toujours demander de corriger ou de compl\u00e9ter ces informations. <\/p>\t\t\t\t\t\t\t\t<\/div>\n\t\t\t\t<\/div>\n\t\t\t\t<div class=\"elementor-element elementor-element-3abf2c9a elementor-widget elementor-widget-heading\" data-id=\"3abf2c9a\" data-element_type=\"widget\" data-e-type=\"widget\" data-widget_type=\"heading.default\">\n\t\t\t\t<div class=\"elementor-widget-container\">\n\t\t\t\t\t<h4 class=\"elementor-heading-title elementor-size-default\">Vous pouvez vous opposer \u00e0 certaines utilisations de vos informations<\/h4>\t\t\t\t<\/div>\n\t\t\t\t<\/div>\n\t\t\t\t<div class=\"elementor-element elementor-element-291c7caf elementor-widget elementor-widget-text-editor\" data-id=\"291c7caf\" data-element_type=\"widget\" data-e-type=\"widget\" data-widget_type=\"text-editor.default\">\n\t\t\t\t<div class=\"elementor-widget-container\">\n\t\t\t\t\t\t\t\t\t<p>Si vous n\u2019\u00eates pas d\u2019accord avec la mani\u00e8re dont nous traitons certaines donn\u00e9es, vous pouvez vous y opposer. Nous acc\u00e9derons \u00e0 votre demande, sauf raisons imp\u00e9rieuses de ne pas le faire. <\/p>\t\t\t\t\t\t\t\t<\/div>\n\t\t\t\t<\/div>\n\t\t\t\t<div class=\"elementor-element elementor-element-1e39afae elementor-widget elementor-widget-heading\" data-id=\"1e39afae\" data-element_type=\"widget\" data-e-type=\"widget\" data-widget_type=\"heading.default\">\n\t\t\t\t<div class=\"elementor-widget-container\">\n\t\t\t\t\t<h4 class=\"elementor-heading-title elementor-size-default\">Vous pouvez vous opposer au traitement enti\u00e8rement automatis\u00e9 de vos donn\u00e9es\n<\/h4>\t\t\t\t<\/div>\n\t\t\t\t<\/div>\n\t\t\t\t<div class=\"elementor-element elementor-element-6d9decf5 elementor-widget elementor-widget-text-editor\" data-id=\"6d9decf5\" data-element_type=\"widget\" data-e-type=\"widget\" data-widget_type=\"text-editor.default\">\n\t\t\t\t<div class=\"elementor-widget-container\">\n\t\t\t\t\t\t\t\t\t<p>Certains traitements et processus de donn\u00e9es sont enti\u00e8rement automatis\u00e9s sans intervention humaine. Sur demande, nous tenterons d\u2019expliquer la logique de ce processus automatis\u00e9. Si vous n\u2019\u00eates pas d\u2019accord avec le r\u00e9sultat d\u2019un tel processus enti\u00e8rement automatis\u00e9, vous pouvez nous contacter.  <\/p>\t\t\t\t\t\t\t\t<\/div>\n\t\t\t\t<\/div>\n\t\t\t\t<div class=\"elementor-element elementor-element-68fcbc50 elementor-widget elementor-widget-heading\" data-id=\"68fcbc50\" data-element_type=\"widget\" data-e-type=\"widget\" data-widget_type=\"heading.default\">\n\t\t\t\t<div class=\"elementor-widget-container\">\n\t\t\t\t\t<h4 class=\"elementor-heading-title elementor-size-default\">Vous pouvez demander que vos donn\u00e9es soient transf\u00e9r\u00e9es \u00e0 un tiers<\/h4>\t\t\t\t<\/div>\n\t\t\t\t<\/div>\n\t\t\t\t<div class=\"elementor-element elementor-element-72fcc3bb elementor-widget elementor-widget-text-editor\" data-id=\"72fcc3bb\" data-element_type=\"widget\" data-e-type=\"widget\" data-widget_type=\"text-editor.default\">\n\t\t\t\t<div class=\"elementor-widget-container\">\n\t\t\t\t\t\t\t\t\t<p>Vous avez le droit de demander le transfert des donn\u00e9es personnelles que vous nous avez fournies, \u00e0 vous-m\u00eame ou directement \u00e0 un tiers. Les lois sur la confidentialit\u00e9 pr\u00e9voient certaines limitations \u00e0 ce droit, il ne s\u2019applique donc pas \u00e0 toutes les donn\u00e9es. <\/p>\t\t\t\t\t\t\t\t<\/div>\n\t\t\t\t<\/div>\n\t\t\t\t<div class=\"elementor-element elementor-element-99a825e elementor-widget elementor-widget-heading\" data-id=\"99a825e\" data-element_type=\"widget\" data-e-type=\"widget\" data-widget_type=\"heading.default\">\n\t\t\t\t<div class=\"elementor-widget-container\">\n\t\t\t\t\t<h4 class=\"elementor-heading-title elementor-size-default\">Exercez vos droits<\/h4>\t\t\t\t<\/div>\n\t\t\t\t<\/div>\n\t\t\t\t<div class=\"elementor-element elementor-element-2d049607 elementor-widget elementor-widget-text-editor\" data-id=\"2d049607\" data-element_type=\"widget\" data-e-type=\"widget\" data-widget_type=\"text-editor.default\">\n\t\t\t\t<div class=\"elementor-widget-container\">\n\t\t\t\t\t\t\t\t\t<p>Soyez toujours aussi pr\u00e9cis que possible lorsque vous exercez vos droits. Cela nous permet de traiter votre demande de mani\u00e8re sp\u00e9cifique et correcte. Nous sommes tenus de v\u00e9rifier au mieux votre identit\u00e9 afin d\u2019emp\u00eacher quelqu\u2019un d\u2019autre d\u2019exercer vos droits. Par cons\u00e9quent, nous pouvons vous demander une copie de votre carte d\u2019identit\u00e9 avec une telle demande.   <\/p>\t\t\t\t\t\t\t\t<\/div>\n\t\t\t\t<\/div>\n\t\t\t\t<div class=\"elementor-element elementor-element-7d210ff1 elementor-widget elementor-widget-heading\" data-id=\"7d210ff1\" data-element_type=\"widget\" data-e-type=\"widget\" data-widget_type=\"heading.default\">\n\t\t\t\t<div class=\"elementor-widget-container\">\n\t\t\t\t\t<h3 class=\"elementor-heading-title elementor-size-default\">9. Combien de temps Make it Happen conserve-t-il vos donn\u00e9es personnelles ?<\/h3>\t\t\t\t<\/div>\n\t\t\t\t<\/div>\n\t\t\t\t<div class=\"elementor-element elementor-element-2fa4de51 elementor-widget elementor-widget-text-editor\" data-id=\"2fa4de51\" data-element_type=\"widget\" data-e-type=\"widget\" data-widget_type=\"text-editor.default\">\n\t\t\t\t<div class=\"elementor-widget-container\">\n\t\t\t\t\t\t\t\t\t<p>Make it Happen stocke des donn\u00e9es personnelles en fonction de la nature des donn\u00e9es. Nous ne conservons ces informations que le temps n\u00e9cessaire aux fins pour lesquelles elles ont \u00e9t\u00e9 collect\u00e9es ou tel que requis par le contrat ou la loi : <\/p><ul><li>Donn\u00e9es d\u2019identification : 10 ans et 1 mois \u00e0 compter de la rupture de la relation client (loi du 18 septembre 2017).<\/li><li>Toutes formes de donn\u00e9es personnelles que vous nous fournissez ou qui sont obtenues aupr\u00e8s de vous ou en votre nom lors du traitement de votre profil client, y compris les donn\u00e9es sensibles applicables \u00e0 votre profil : 10 ans et 1 mois \u00e0 compter de la fin de la relation client.<\/li><li>Coordonn\u00e9es des newsletters : 2 ans apr\u00e8s le dernier contact.<\/li><\/ul>\t\t\t\t\t\t\t\t<\/div>\n\t\t\t\t<\/div>\n\t\t\t\t<div class=\"elementor-element elementor-element-47ee82fb elementor-widget elementor-widget-heading\" data-id=\"47ee82fb\" data-element_type=\"widget\" data-e-type=\"widget\" data-widget_type=\"heading.default\">\n\t\t\t\t<div class=\"elementor-widget-container\">\n\t\t\t\t\t<h3 class=\"elementor-heading-title elementor-size-default\">10. Protection de vos donn\u00e9es personnelles par Make it Happen<\/h3>\t\t\t\t<\/div>\n\t\t\t\t<\/div>\n\t\t\t\t<div class=\"elementor-element elementor-element-35979ee5 elementor-widget elementor-widget-text-editor\" data-id=\"35979ee5\" data-element_type=\"widget\" data-e-type=\"widget\" data-widget_type=\"text-editor.default\">\n\t\t\t\t<div class=\"elementor-widget-container\">\n\t\t\t\t\t\t\t\t\t<p>Afin d\u2019emp\u00eacher des personnes non autoris\u00e9es d\u2019acc\u00e9der aux donn\u00e9es personnelles collect\u00e9es dans ce cadre, Make it Happen d\u00e9ploiera le maximum d\u2019efforts en termes de s\u00e9curit\u00e9 et d\u2019organisation. Make it Happen s\u2019efforcera, dans la mesure du possible, de conclure les accords contractuels n\u00e9cessaires avec les sous-traitants engag\u00e9s par Make it Happen concernant la s\u00e9curit\u00e9 des donn\u00e9es personnelles. <\/p>\t\t\t\t\t\t\t\t<\/div>\n\t\t\t\t<\/div>\n\t\t\t\t\t<\/div>\n\t\t<\/div>\n\t\t\t\t<div class=\"elementor-column elementor-col-50 elementor-top-column elementor-element elementor-element-7c632b47\" data-id=\"7c632b47\" data-element_type=\"column\" data-e-type=\"column\">\n\t\t\t<div class=\"elementor-widget-wrap elementor-element-populated\">\n\t\t\t\t\t\t<div class=\"elementor-element elementor-element-349454b elementor-cta--skin-classic elementor-animated-content elementor-widget elementor-widget-call-to-action\" data-id=\"349454b\" data-element_type=\"widget\" data-e-type=\"widget\" data-settings=\"{&quot;sticky&quot;:&quot;top&quot;,&quot;sticky_on&quot;:[&quot;desktop&quot;],&quot;sticky_parent&quot;:&quot;yes&quot;,&quot;sticky_offset&quot;:0,&quot;sticky_effects_offset&quot;:0,&quot;sticky_anchor_link_offset&quot;:0}\" data-widget_type=\"call-to-action.default\">\n\t\t\t\t<div class=\"elementor-widget-container\">\n\t\t\t\t\t\t\t<div class=\"elementor-cta\">\n\t\t\t\t\t\t\t<div class=\"elementor-cta__content\">\n\t\t\t\t\n\t\t\t\t\t\t\t\t\t<h3 class=\"elementor-cta__title elementor-cta__content-item elementor-content-item\">\n\t\t\t\t\t\tBesoin d'aide?\t\t\t\t\t<\/h3>\n\t\t\t\t\n\t\t\t\t\t\t\t\t\t<div class=\"elementor-cta__description elementor-cta__content-item elementor-content-item\">\n\t\t\t\t\t\tVeuillez nous contacter pour plus d'informations. Nous aimerions avoir de vos nouvelles.\t\t\t\t\t<\/div>\n\t\t\t\t\n\t\t\t\t\t\t\t\t\t<div class=\"elementor-cta__button-wrapper elementor-cta__content-item elementor-content-item \">\n\t\t\t\t\t<a class=\"elementor-cta__button elementor-button elementor-size-\" href=\"https:\/\/makeithappen.agency\/fr\/contact\/\">\n\t\t\t\t\t\tContact\t\t\t\t\t<\/a>\n\t\t\t\t\t<\/div>\n\t\t\t\t\t\t\t<\/div>\n\t\t\t\t\t\t<\/div>\n\t\t\t\t\t\t<\/div>\n\t\t\t\t<\/div>\n\t\t\t\t\t<\/div>\n\t\t<\/div>\n\t\t\t\t\t<\/div>\n\t\t<\/section>\n\t\t\t\t<\/div>\n\t\t","protected":false},"excerpt":{"rendered":"<p>Politique de confidentialit\u00e9 Lorsque vous utilisez nos services, vous nous confiez vos donn\u00e9es. Nous comprenons qu&rsquo;il s&rsquo;agit d&rsquo;une responsabilit\u00e9 majeure et travaillons dur pour prot\u00e9ger vos informations. Votre vie priv\u00e9e 1. G\u00e9n\u00e9ral Votre vie priv\u00e9e est tr\u00e8s importante pour nous. Nous souhaitons traiter vos donn\u00e9es personnelles de mani\u00e8re l\u00e9gale, correcte et transparente. Cette politique de [&hellip;]<\/p>\n","protected":false},"author":1,"featured_media":0,"parent":0,"menu_order":0,"comment_status":"closed","ping_status":"closed","template":"","meta":{"footnotes":""},"class_list":["post-3312","page","type-page","status-publish","hentry"],"_links":{"self":[{"href":"https:\/\/makeithappen.agency\/fr\/wp-json\/wp\/v2\/pages\/3312","targetHints":{"allow":["GET"]}}],"collection":[{"href":"https:\/\/makeithappen.agency\/fr\/wp-json\/wp\/v2\/pages"}],"about":[{"href":"https:\/\/makeithappen.agency\/fr\/wp-json\/wp\/v2\/types\/page"}],"author":[{"embeddable":true,"href":"https:\/\/makeithappen.agency\/fr\/wp-json\/wp\/v2\/users\/1"}],"replies":[{"embeddable":true,"href":"https:\/\/makeithappen.agency\/fr\/wp-json\/wp\/v2\/comments?post=3312"}],"version-history":[{"count":0,"href":"https:\/\/makeithappen.agency\/fr\/wp-json\/wp\/v2\/pages\/3312\/revisions"}],"wp:attachment":[{"href":"https:\/\/makeithappen.agency\/fr\/wp-json\/wp\/v2\/media?parent=3312"}],"curies":[{"name":"wp","href":"https:\/\/api.w.org\/{rel}","templated":true}]}}